{"id":5979,"date":"2025-08-15T19:15:08","date_gmt":"2025-08-15T19:15:08","guid":{"rendered":"https:\/\/nomawethu.com\/?page_id=5979"},"modified":"2026-02-09T19:09:16","modified_gmt":"2026-02-09T19:09:16","slug":"ye-japha-umayma-lovelyn-loloo","status":"publish","type":"page","link":"https:\/\/nomawethu.com\/en\/ye-japha-umayma-lovelyn-loloo\/","title":{"rendered":"Ye Japha Umayma Lovelyn Loloo"},"content":{"rendered":"<div data-elementor-type=\"wp-page\" data-elementor-id=\"5979\" class=\"elementor elementor-5979\" data-elementor-post-type=\"page\">\n\t\t\t\t<div class=\"elementor-element elementor-element-4a20a16 e-flex e-con-boxed e-con e-parent\" data-id=\"4a20a16\" data-element_type=\"container\" data-e-type=\"container\">\n\t\t\t\t\t<div class=\"e-con-inner\">\n\t\t\t\t<div class=\"elementor-element elementor-element-f751508 elementor-widget__width-inherit elementor-widget elementor-widget-heading\" data-id=\"f751508\" data-element_type=\"widget\" data-e-type=\"widget\" data-settings=\"{&quot;_animation&quot;:&quot;none&quot;}\" data-widget_type=\"heading.default\">\n\t\t\t\t\t\t<div class=\"elementor-widget-container\">\n\t\t\t\t\t<h2 class=\"elementor-heading-title elementor-size-default\"><a href=\"#\">Ye Japha Umayma Lovelyn Loloo<\/a><\/h2>\t\t\t\t<\/div>\n\t\t\t\t<\/div>\n\t\t\t\t<div class=\"elementor-element elementor-element-e13caea elementor-widget elementor-widget-Merraki Button\" data-id=\"e13caea\" data-element_type=\"widget\" data-e-type=\"widget\" data-widget_type=\"Merraki Button.default\">\n\t\t\t\t\t\t<div class=\"elementor-widget-container\">\n\t\t\t\t\t\t\t\t\t<div class=\"btn_wrapper_widget\" data-aos=\"fade-up\">\n\t\t\t\t\t<a  href=\"#\" class=\"primary-btn button-effect\">H\u00fcndin<i class=\"\"><\/i><\/a>\n\t\t\t\t<\/div>\n       \t\t \t\t\t\t<\/div>\n\t\t\t\t<\/div>\n\t\t\t\t\t<\/div>\n\t\t\t\t<\/div>\n\t\t<div class=\"elementor-element elementor-element-c1804b0 e-grid e-con-boxed e-con e-parent\" data-id=\"c1804b0\" data-element_type=\"container\" data-e-type=\"container\" data-settings=\"{&quot;background_background&quot;:&quot;classic&quot;}\">\n\t\t\t\t\t<div class=\"e-con-inner\">\n\t\t\t\t<div class=\"elementor-element elementor-element-2e1b9ae elementor-widget elementor-widget-image\" data-id=\"2e1b9ae\" data-element_type=\"widget\" data-e-type=\"widget\" data-widget_type=\"image.default\">\n\t\t\t\t\t\t<div class=\"elementor-widget-container\">\n\t\t\t\t\t\t\t\t\t\t\t\t\t\t\t<img fetchpriority=\"high\" decoding=\"async\" width=\"640\" height=\"640\" src=\"https:\/\/nomawethu.com\/wp-content\/uploads\/2025\/08\/Rhodesian_Ridgeback_Nomawethu_LOLOO.12-copy-1024x1024.jpg\" class=\"attachment-large size-large wp-image-6241\" alt=\"\" srcset=\"https:\/\/nomawethu.com\/wp-content\/uploads\/2025\/08\/Rhodesian_Ridgeback_Nomawethu_LOLOO.12-copy-1024x1024.jpg 1024w, https:\/\/nomawethu.com\/wp-content\/uploads\/2025\/08\/Rhodesian_Ridgeback_Nomawethu_LOLOO.12-copy-300x300.jpg 300w, https:\/\/nomawethu.com\/wp-content\/uploads\/2025\/08\/Rhodesian_Ridgeback_Nomawethu_LOLOO.12-copy-150x150.jpg 150w, https:\/\/nomawethu.com\/wp-content\/uploads\/2025\/08\/Rhodesian_Ridgeback_Nomawethu_LOLOO.12-copy-768x768.jpg 768w, https:\/\/nomawethu.com\/wp-content\/uploads\/2025\/08\/Rhodesian_Ridgeback_Nomawethu_LOLOO.12-copy-1536x1536.jpg 1536w, https:\/\/nomawethu.com\/wp-content\/uploads\/2025\/08\/Rhodesian_Ridgeback_Nomawethu_LOLOO.12-copy-2048x2048.jpg 2048w, https:\/\/nomawethu.com\/wp-content\/uploads\/2025\/08\/Rhodesian_Ridgeback_Nomawethu_LOLOO.12-copy-12x12.jpg 12w\" sizes=\"(max-width: 640px) 100vw, 640px\" \/>\t\t\t\t\t\t\t\t\t\t\t\t\t\t\t<\/div>\n\t\t\t\t<\/div>\n\t\t\t\t<div class=\"elementor-element elementor-element-260f924 elementor-widget elementor-widget-n-accordion\" data-id=\"260f924\" data-element_type=\"widget\" data-e-type=\"widget\" data-settings=\"{&quot;default_state&quot;:&quot;expanded&quot;,&quot;max_items_expended&quot;:&quot;one&quot;,&quot;n_accordion_animation_duration&quot;:{&quot;unit&quot;:&quot;ms&quot;,&quot;size&quot;:400,&quot;sizes&quot;:[]}}\" data-widget_type=\"nested-accordion.default\">\n\t\t\t\t\t\t<div class=\"elementor-widget-container\">\n\t\t\t\t\t\t\t<div class=\"e-n-accordion\" aria-label=\"Accordion. Open links with Enter or Space, close with Escape, and navigate with Arrow Keys\">\n\t\t\t\t\t\t<details id=\"e-n-accordion-item-3990\" class=\"e-n-accordion-item\" open>\n\t\t\t\t<summary class=\"e-n-accordion-item-title\" data-accordion-index=\"1\" tabindex=\"0\" aria-expanded=\"true\" aria-controls=\"e-n-accordion-item-3990\" >\n\t\t\t\t\t<span class='e-n-accordion-item-title-header'><div class=\"e-n-accordion-item-title-text\"> BASIC INFO <\/div><\/span>\n\t\t\t\t\t\t\t<span class='e-n-accordion-item-title-icon'>\n\t\t\t<span class='e-opened' ><svg aria-hidden=\"true\" class=\"e-font-icon-svg e-fas-minus\" viewbox=\"0 0 448 512\" xmlns=\"http:\/\/www.w3.org\/2000\/svg\"><path d=\"M416 208H32c-17.67 0-32 14.33-32 32v32c0 17.67 14.33 32 32 32h384c17.67 0 32-14.33 32-32v-32c0-17.67-14.33-32-32-32z\"><\/path><\/svg><\/span>\n\t\t\t<span class='e-closed'><svg aria-hidden=\"true\" class=\"e-font-icon-svg e-fas-plus\" viewbox=\"0 0 448 512\" xmlns=\"http:\/\/www.w3.org\/2000\/svg\"><path d=\"M416 208H272V64c0-17.67-14.33-32-32-32h-32c-17.67 0-32 14.33-32 32v144H32c-17.67 0-32 14.33-32 32v32c0 17.67 14.33 32 32 32h144v144c0 17.67 14.33 32 32 32h32c17.67 0 32-14.33 32-32V304h144c17.67 0 32-14.33 32-32v-32c0-17.67-14.33-32-32-32z\"><\/path><\/svg><\/span>\n\t\t<\/span>\n\n\t\t\t\t\t\t<\/summary>\n\t\t\t\t<div role=\"region\" aria-labelledby=\"e-n-accordion-item-3990\" class=\"elementor-element elementor-element-0718776 e-con-full e-flex e-con e-child\" data-id=\"0718776\" data-element_type=\"container\" data-e-type=\"container\">\n\t\t\t\t<div class=\"elementor-element elementor-element-787fee2 elementor-widget elementor-widget-text-editor\" data-id=\"787fee2\" data-element_type=\"widget\" data-e-type=\"widget\" data-widget_type=\"text-editor.default\">\n\t\t\t\t\t\t<div class=\"elementor-widget-container\">\n\t\t\t\t\t\t\t\t\t<p>Call name: <strong>LOLOO<\/strong><br \/>Date of birth: \u00a0<strong>29.07.2023<\/strong><\/p><p>Dam: <strong>Ye Japha Origin Bo Bailey<\/strong><br \/>Sire: <strong>Nyamakari Shubara Hennessy<\/strong><br \/>Height: <strong>\/<\/strong><\/p><p>Weight: <strong>\/<\/strong><\/p><p>Dentition:<br \/>Country of origin: <strong>France<\/strong><br \/>Breeder: <strong>Peter Obschernicat<\/strong><\/p>\t\t\t\t\t\t\t\t<\/div>\n\t\t\t\t<\/div>\n\t\t\t\t<\/div>\n\t\t\t\t\t<\/details>\n\t\t\t\t\t\t<details id=\"e-n-accordion-item-3991\" class=\"e-n-accordion-item\" >\n\t\t\t\t<summary class=\"e-n-accordion-item-title\" data-accordion-index=\"2\" tabindex=\"-1\" aria-expanded=\"false\" aria-controls=\"e-n-accordion-item-3991\" >\n\t\t\t\t\t<span class='e-n-accordion-item-title-header'><div class=\"e-n-accordion-item-title-text\"> HEALTH TESTS <\/div><\/span>\n\t\t\t\t\t\t\t<span class='e-n-accordion-item-title-icon'>\n\t\t\t<span class='e-opened' ><svg aria-hidden=\"true\" class=\"e-font-icon-svg e-fas-minus\" viewbox=\"0 0 448 512\" xmlns=\"http:\/\/www.w3.org\/2000\/svg\"><path d=\"M416 208H32c-17.67 0-32 14.33-32 32v32c0 17.67 14.33 32 32 32h384c17.67 0 32-14.33 32-32v-32c0-17.67-14.33-32-32-32z\"><\/path><\/svg><\/span>\n\t\t\t<span class='e-closed'><svg aria-hidden=\"true\" class=\"e-font-icon-svg e-fas-plus\" viewbox=\"0 0 448 512\" xmlns=\"http:\/\/www.w3.org\/2000\/svg\"><path d=\"M416 208H272V64c0-17.67-14.33-32-32-32h-32c-17.67 0-32 14.33-32 32v144H32c-17.67 0-32 14.33-32 32v32c0 17.67 14.33 32 32 32h144v144c0 17.67 14.33 32 32 32h32c17.67 0 32-14.33 32-32V304h144c17.67 0 32-14.33 32-32v-32c0-17.67-14.33-32-32-32z\"><\/path><\/svg><\/span>\n\t\t<\/span>\n\n\t\t\t\t\t\t<\/summary>\n\t\t\t\t<div role=\"region\" aria-labelledby=\"e-n-accordion-item-3991\" class=\"elementor-element elementor-element-6950589 e-con-full e-flex e-con e-child\" data-id=\"6950589\" data-element_type=\"container\" data-e-type=\"container\">\n\t\t\t\t<div class=\"elementor-element elementor-element-8977a23 elementor-widget elementor-widget-text-editor\" data-id=\"8977a23\" data-element_type=\"widget\" data-e-type=\"widget\" data-widget_type=\"text-editor.default\">\n\t\t\t\t\t\t<div class=\"elementor-widget-container\">\n\t\t\t\t\t\t\t\t\t<p>Hip Dysplasia (HD): <strong>\/<\/strong><\/p><p>Elbow Dysplasia (ED): <strong>\/<\/strong><\/p><p>Shoulder Osteochondrosis (OCD): <strong>\/<\/strong><\/p><p>Lumbosacral Transitional Vertebrae (LTV): <strong>\/<\/strong><\/p><p>Spondylosis: <strong>\/<\/strong><\/p>\t\t\t\t\t\t\t\t<\/div>\n\t\t\t\t<\/div>\n\t\t\t\t<\/div>\n\t\t\t\t\t<\/details>\n\t\t\t\t\t\t<details id=\"e-n-accordion-item-3992\" class=\"e-n-accordion-item\" >\n\t\t\t\t<summary class=\"e-n-accordion-item-title\" data-accordion-index=\"3\" tabindex=\"-1\" aria-expanded=\"false\" aria-controls=\"e-n-accordion-item-3992\" >\n\t\t\t\t\t<span class='e-n-accordion-item-title-header'><div class=\"e-n-accordion-item-title-text\"> GENETISCHE TESTS <\/div><\/span>\n\t\t\t\t\t\t\t<span class='e-n-accordion-item-title-icon'>\n\t\t\t<span class='e-opened' ><svg aria-hidden=\"true\" class=\"e-font-icon-svg e-fas-minus\" viewbox=\"0 0 448 512\" xmlns=\"http:\/\/www.w3.org\/2000\/svg\"><path d=\"M416 208H32c-17.67 0-32 14.33-32 32v32c0 17.67 14.33 32 32 32h384c17.67 0 32-14.33 32-32v-32c0-17.67-14.33-32-32-32z\"><\/path><\/svg><\/span>\n\t\t\t<span class='e-closed'><svg aria-hidden=\"true\" class=\"e-font-icon-svg e-fas-plus\" viewbox=\"0 0 448 512\" xmlns=\"http:\/\/www.w3.org\/2000\/svg\"><path d=\"M416 208H272V64c0-17.67-14.33-32-32-32h-32c-17.67 0-32 14.33-32 32v144H32c-17.67 0-32 14.33-32 32v32c0 17.67 14.33 32 32 32h144v144c0 17.67 14.33 32 32 32h32c17.67 0 32-14.33 32-32V304h144c17.67 0 32-14.33 32-32v-32c0-17.67-14.33-32-32-32z\"><\/path><\/svg><\/span>\n\t\t<\/span>\n\n\t\t\t\t\t\t<\/summary>\n\t\t\t\t<div role=\"region\" aria-labelledby=\"e-n-accordion-item-3992\" class=\"elementor-element elementor-element-95ae2ff e-con-full e-flex e-con e-child\" data-id=\"95ae2ff\" data-element_type=\"container\" data-e-type=\"container\">\n\t\t\t\t<div class=\"elementor-element elementor-element-0667c82 elementor-widget elementor-widget-text-editor\" data-id=\"0667c82\" data-element_type=\"widget\" data-e-type=\"widget\" data-widget_type=\"text-editor.default\">\n\t\t\t\t\t\t<div class=\"elementor-widget-container\">\n\t\t\t\t\t\t\t\t\t<p>Degenerative Myelopathy (DM): <strong>N\/N<\/strong> \u00a0 \u00a0 \u00a0 \u00a0 \u00a0\u00a0<\/p><p>Juvenile Myoclonic Epilepsy (JME): <strong>N\/N<\/strong>\u00a0 \u00a0<\/p><p>D \u2013 locus: <strong>N\/N<\/strong><strong>\u00a0\u00a0<\/strong> \u00a0 \u00a0\u00a0<\/p><p>B \u2013 locus: <strong>N\/N<\/strong>\u00a0 \u00a0 \u00a0 \u00a0<\/p><p>Ridge: <strong>RR<\/strong>\u00a0 \u00a0<\/p><p>MH: <strong>\/ \u00a0<\/strong> \u00a0 \u00a0\u00a0\u00a0\u00a0\u00a0\u00a0\u00a0\u00a0<\/p><p>H\u00e4mophilie B: <strong>clear<\/strong><\/p><p>Early-Onset Adult Deafness (EOAD) <strong>\/<\/strong><\/p><p>DNA: <strong>\/<\/strong><\/p>\t\t\t\t\t\t\t\t<\/div>\n\t\t\t\t<\/div>\n\t\t\t\t<\/div>\n\t\t\t\t\t<\/details>\n\t\t\t\t\t\t<details id=\"e-n-accordion-item-3993\" class=\"e-n-accordion-item\" >\n\t\t\t\t<summary class=\"e-n-accordion-item-title\" data-accordion-index=\"4\" tabindex=\"-1\" aria-expanded=\"false\" aria-controls=\"e-n-accordion-item-3993\" >\n\t\t\t\t\t<span class='e-n-accordion-item-title-header'><div class=\"e-n-accordion-item-title-text\"> TEMPERAMENT AND BEHAVIOR <\/div><\/span>\n\t\t\t\t\t\t\t<span class='e-n-accordion-item-title-icon'>\n\t\t\t<span class='e-opened' ><svg aria-hidden=\"true\" class=\"e-font-icon-svg e-fas-minus\" viewbox=\"0 0 448 512\" xmlns=\"http:\/\/www.w3.org\/2000\/svg\"><path d=\"M416 208H32c-17.67 0-32 14.33-32 32v32c0 17.67 14.33 32 32 32h384c17.67 0 32-14.33 32-32v-32c0-17.67-14.33-32-32-32z\"><\/path><\/svg><\/span>\n\t\t\t<span class='e-closed'><svg aria-hidden=\"true\" class=\"e-font-icon-svg e-fas-plus\" viewbox=\"0 0 448 512\" xmlns=\"http:\/\/www.w3.org\/2000\/svg\"><path d=\"M416 208H272V64c0-17.67-14.33-32-32-32h-32c-17.67 0-32 14.33-32 32v144H32c-17.67 0-32 14.33-32 32v32c0 17.67 14.33 32 32 32h144v144c0 17.67 14.33 32 32 32h32c17.67 0 32-14.33 32-32V304h144c17.67 0 32-14.33 32-32v-32c0-17.67-14.33-32-32-32z\"><\/path><\/svg><\/span>\n\t\t<\/span>\n\n\t\t\t\t\t\t<\/summary>\n\t\t\t\t<div role=\"region\" aria-labelledby=\"e-n-accordion-item-3993\" class=\"elementor-element elementor-element-4355a0b e-flex e-con-boxed e-con e-child\" data-id=\"4355a0b\" data-element_type=\"container\" data-e-type=\"container\">\n\t\t\t\t\t<div class=\"e-con-inner\">\n\t\t\t\t<div class=\"elementor-element elementor-element-ba925eb elementor-widget elementor-widget-text-editor\" data-id=\"ba925eb\" data-element_type=\"widget\" data-e-type=\"widget\" data-widget_type=\"text-editor.default\">\n\t\t\t\t\t\t<div class=\"elementor-widget-container\">\n\t\t\t\t\t\t\t\t\t<p>Exams: <strong>\/<\/strong><\/p>\t\t\t\t\t\t\t\t<\/div>\n\t\t\t\t<\/div>\n\t\t\t\t\t<\/div>\n\t\t\t\t<\/div>\n\t\t\t\t\t<\/details>\n\t\t\t\t\t<\/div>\n\t\t\t\t\t\t<\/div>\n\t\t\t\t<\/div>\n\t\t\t\t\t<\/div>\n\t\t\t\t<\/div>\n\t\t<div class=\"elementor-element elementor-element-6794074 e-con-full e-flex e-con e-parent\" data-id=\"6794074\" data-element_type=\"container\" data-e-type=\"container\" data-settings=\"{&quot;background_background&quot;:&quot;classic&quot;}\">\n\t\t\t\t<div class=\"elementor-element elementor-element-652a667 elementor-widget elementor-widget-heading\" data-id=\"652a667\" data-element_type=\"widget\" data-e-type=\"widget\" data-widget_type=\"heading.default\">\n\t\t\t\t\t\t<div class=\"elementor-widget-container\">\n\t\t\t\t\t<h3 class=\"elementor-heading-title elementor-size-default\">Pedigree<\/h3>\t\t\t\t<\/div>\n\t\t\t\t<\/div>\n\t\t\t\t<div class=\"elementor-element elementor-element-3863c41 elementor-widget elementor-widget-image\" data-id=\"3863c41\" data-element_type=\"widget\" data-e-type=\"widget\" data-widget_type=\"image.default\">\n\t\t\t\t\t\t<div class=\"elementor-widget-container\">\n\t\t\t\t\t\t\t\t\t\t\t\t\t\t\t<img decoding=\"async\" width=\"2339\" height=\"1654\" src=\"https:\/\/nomawethu.com\/wp-content\/uploads\/2026\/02\/Ye_Japha_Umayma_Lovelyn_Loloo.jpg\" class=\"attachment-full size-full wp-image-7142\" alt=\"\" srcset=\"https:\/\/nomawethu.com\/wp-content\/uploads\/2026\/02\/Ye_Japha_Umayma_Lovelyn_Loloo.jpg 2339w, https:\/\/nomawethu.com\/wp-content\/uploads\/2026\/02\/Ye_Japha_Umayma_Lovelyn_Loloo-300x212.jpg 300w, https:\/\/nomawethu.com\/wp-content\/uploads\/2026\/02\/Ye_Japha_Umayma_Lovelyn_Loloo-1024x724.jpg 1024w, https:\/\/nomawethu.com\/wp-content\/uploads\/2026\/02\/Ye_Japha_Umayma_Lovelyn_Loloo-768x543.jpg 768w, https:\/\/nomawethu.com\/wp-content\/uploads\/2026\/02\/Ye_Japha_Umayma_Lovelyn_Loloo-1536x1086.jpg 1536w, https:\/\/nomawethu.com\/wp-content\/uploads\/2026\/02\/Ye_Japha_Umayma_Lovelyn_Loloo-2048x1448.jpg 2048w, https:\/\/nomawethu.com\/wp-content\/uploads\/2026\/02\/Ye_Japha_Umayma_Lovelyn_Loloo-18x12.jpg 18w\" sizes=\"(max-width: 2339px) 100vw, 2339px\" \/>\t\t\t\t\t\t\t\t\t\t\t\t\t\t\t<\/div>\n\t\t\t\t<\/div>\n\t\t\t\t<\/div>\n\t\t<div class=\"elementor-element elementor-element-dadff9b e-flex e-con-boxed e-con e-parent\" data-id=\"dadff9b\" data-element_type=\"container\" data-e-type=\"container\">\n\t\t\t\t\t<div class=\"e-con-inner\">\n\t\t\t\t<div class=\"elementor-element elementor-element-edfd034 elementor-widget elementor-widget-heading\" data-id=\"edfd034\" data-element_type=\"widget\" data-e-type=\"widget\" data-widget_type=\"heading.default\">\n\t\t\t\t\t\t<div class=\"elementor-widget-container\">\n\t\t\t\t\t<h3 class=\"elementor-heading-title elementor-size-default\">Gallery<\/h3>\t\t\t\t<\/div>\n\t\t\t\t<\/div>\n\t\t\t\t\t<\/div>\n\t\t\t\t<\/div>\n\t\t<div class=\"elementor-element elementor-element-c4cbfab e-con-full e-flex e-con e-parent\" data-id=\"c4cbfab\" data-element_type=\"container\" data-e-type=\"container\">\n\t\t\t\t<div class=\"elementor-element elementor-element-d1c8ac3 elementor-widget elementor-widget-gallery\" data-id=\"d1c8ac3\" data-element_type=\"widget\" data-e-type=\"widget\" data-settings=\"{&quot;gap&quot;:{&quot;unit&quot;:&quot;px&quot;,&quot;size&quot;:0,&quot;sizes&quot;:[]},&quot;gallery_layout&quot;:&quot;justified&quot;,&quot;ideal_row_height&quot;:{&quot;unit&quot;:&quot;px&quot;,&quot;size&quot;:300,&quot;sizes&quot;:[]},&quot;lazyload&quot;:&quot;yes&quot;,&quot;ideal_row_height_laptop&quot;:{&quot;unit&quot;:&quot;px&quot;,&quot;size&quot;:150,&quot;sizes&quot;:[]},&quot;ideal_row_height_tablet&quot;:{&quot;unit&quot;:&quot;px&quot;,&quot;size&quot;:150,&quot;sizes&quot;:[]},&quot;ideal_row_height_mobile&quot;:{&quot;unit&quot;:&quot;px&quot;,&quot;size&quot;:150,&quot;sizes&quot;:[]},&quot;gap_laptop&quot;:{&quot;unit&quot;:&quot;px&quot;,&quot;size&quot;:10,&quot;sizes&quot;:[]},&quot;gap_tablet&quot;:{&quot;unit&quot;:&quot;px&quot;,&quot;size&quot;:10,&quot;sizes&quot;:[]},&quot;gap_mobile&quot;:{&quot;unit&quot;:&quot;px&quot;,&quot;size&quot;:10,&quot;sizes&quot;:[]},&quot;overlay_background&quot;:&quot;yes&quot;,&quot;content_hover_animation&quot;:&quot;fade-in&quot;}\" data-widget_type=\"gallery.default\">\n\t\t\t\t\t\t<div class=\"elementor-widget-container\">\n\t\t\t\t\t\t\t<div class=\"elementor-gallery__container\">\n\t\t\t\t\t\t\t<div class=\"e-gallery-item elementor-gallery-item elementor-animated-content\">\n\t\t\t\t\t<div class=\"e-gallery-image elementor-gallery-item__image\" data-thumbnail=\"https:\/\/nomawethu.com\/wp-content\/uploads\/2025\/08\/Rhodesian_Ridgeback_Nomawethu_LOLOO.1-min-1024x576.jpg\" data-width=\"640\" data-height=\"360\" aria-label=\"\" role=\"img\" ><\/div>\n\t\t\t\t\t\t\t\t\t\t\t<div class=\"elementor-gallery-item__overlay\"><\/div>\n\t\t\t\t\t\t\t\t\t\t\t\t\t\t<\/div>\n\t\t\t\t\t\t\t<div class=\"e-gallery-item elementor-gallery-item elementor-animated-content\">\n\t\t\t\t\t<div class=\"e-gallery-image elementor-gallery-item__image\" data-thumbnail=\"https:\/\/nomawethu.com\/wp-content\/uploads\/2025\/08\/Rhodesian_Ridgeback_Nomawethu_LOLOO.2-min-1024x576.jpg\" data-width=\"640\" data-height=\"360\" aria-label=\"\" role=\"img\" ><\/div>\n\t\t\t\t\t\t\t\t\t\t\t<div class=\"elementor-gallery-item__overlay\"><\/div>\n\t\t\t\t\t\t\t\t\t\t\t\t\t\t<\/div>\n\t\t\t\t\t\t\t<div class=\"e-gallery-item elementor-gallery-item elementor-animated-content\">\n\t\t\t\t\t<div class=\"e-gallery-image elementor-gallery-item__image\" data-thumbnail=\"https:\/\/nomawethu.com\/wp-content\/uploads\/2025\/08\/Rhodesian_Ridgeback_Nomawethu_LOLOO.3-min-1024x576.jpg\" data-width=\"640\" data-height=\"360\" aria-label=\"\" role=\"img\" ><\/div>\n\t\t\t\t\t\t\t\t\t\t\t<div class=\"elementor-gallery-item__overlay\"><\/div>\n\t\t\t\t\t\t\t\t\t\t\t\t\t\t<\/div>\n\t\t\t\t\t\t\t<div class=\"e-gallery-item elementor-gallery-item elementor-animated-content\">\n\t\t\t\t\t<div class=\"e-gallery-image elementor-gallery-item__image\" data-thumbnail=\"https:\/\/nomawethu.com\/wp-content\/uploads\/2025\/08\/Rhodesian_Ridgeback_Nomawethu_LOLOO.7-min-768x1024.jpg\" data-width=\"640\" data-height=\"853\" aria-label=\"\" role=\"img\" ><\/div>\n\t\t\t\t\t\t\t\t\t\t\t<div class=\"elementor-gallery-item__overlay\"><\/div>\n\t\t\t\t\t\t\t\t\t\t\t\t\t\t<\/div>\n\t\t\t\t\t\t\t<div class=\"e-gallery-item elementor-gallery-item elementor-animated-content\">\n\t\t\t\t\t<div class=\"e-gallery-image elementor-gallery-item__image\" data-thumbnail=\"https:\/\/nomawethu.com\/wp-content\/uploads\/2025\/08\/Rhodesian_Ridgeback_Nomawethu_LOLOO.8-min-1024x768.jpg\" data-width=\"640\" data-height=\"480\" aria-label=\"\" role=\"img\" ><\/div>\n\t\t\t\t\t\t\t\t\t\t\t<div class=\"elementor-gallery-item__overlay\"><\/div>\n\t\t\t\t\t\t\t\t\t\t\t\t\t\t<\/div>\n\t\t\t\t\t\t\t<div class=\"e-gallery-item elementor-gallery-item elementor-animated-content\">\n\t\t\t\t\t<div class=\"e-gallery-image elementor-gallery-item__image\" data-thumbnail=\"https:\/\/nomawethu.com\/wp-content\/uploads\/2025\/08\/Rhodesian_Ridgeback_Nomawethu_LOLOO.9-min-768x1024.jpg\" data-width=\"640\" data-height=\"853\" aria-label=\"\" role=\"img\" ><\/div>\n\t\t\t\t\t\t\t\t\t\t\t<div class=\"elementor-gallery-item__overlay\"><\/div>\n\t\t\t\t\t\t\t\t\t\t\t\t\t\t<\/div>\n\t\t\t\t\t\t\t<div class=\"e-gallery-item elementor-gallery-item elementor-animated-content\">\n\t\t\t\t\t<div class=\"e-gallery-image elementor-gallery-item__image\" data-thumbnail=\"https:\/\/nomawethu.com\/wp-content\/uploads\/2025\/08\/Rhodesian_Ridgeback_Nomawethu_LOLOO.10-min-768x1024.jpg\" data-width=\"640\" data-height=\"853\" aria-label=\"\" role=\"img\" ><\/div>\n\t\t\t\t\t\t\t\t\t\t\t<div class=\"elementor-gallery-item__overlay\"><\/div>\n\t\t\t\t\t\t\t\t\t\t\t\t\t\t<\/div>\n\t\t\t\t\t\t\t<div class=\"e-gallery-item elementor-gallery-item elementor-animated-content\">\n\t\t\t\t\t<div class=\"e-gallery-image elementor-gallery-item__image\" data-thumbnail=\"https:\/\/nomawethu.com\/wp-content\/uploads\/2025\/08\/Rhodesian_Ridgeback_Nomawethu_LOLOO.11-min-768x1024.jpg\" data-width=\"640\" data-height=\"853\" aria-label=\"\" role=\"img\" ><\/div>\n\t\t\t\t\t\t\t\t\t\t\t<div class=\"elementor-gallery-item__overlay\"><\/div>\n\t\t\t\t\t\t\t\t\t\t\t\t\t\t<\/div>\n\t\t\t\t\t\t\t<div class=\"e-gallery-item elementor-gallery-item elementor-animated-content\">\n\t\t\t\t\t<div class=\"e-gallery-image elementor-gallery-item__image\" data-thumbnail=\"https:\/\/nomawethu.com\/wp-content\/uploads\/2025\/08\/Rhodesian_Ridgeback_Nomawethu_LOLOO.12-min-768x1024.jpg\" data-width=\"640\" data-height=\"853\" aria-label=\"\" role=\"img\" ><\/div>\n\t\t\t\t\t\t\t\t\t\t\t<div class=\"elementor-gallery-item__overlay\"><\/div>\n\t\t\t\t\t\t\t\t\t\t\t\t\t\t<\/div>\n\t\t\t\t\t<\/div>\n\t\t\t\t\t<\/div>\n\t\t\t\t<\/div>\n\t\t\t\t<\/div>\n\t\t\t\t<\/div>","protected":false},"excerpt":{"rendered":"<p>Ye Japha Umayma Lovelyn Loloo H\u00fcndin GRUNDINFORMATIONEN Rufname: LOLOOGeburtsdatum: \u00a029.07.2023 Mutter (H\u00fcndin): Ye Japha Origin Bo BaileyVater (R\u00fcde): Nyamakari Shubara HennessyWiderristh\u00f6he: \/ Gewicht: \/ Gebiss:Herkunftsland: FranceZ\u00fcchter: Peter Obschernicat GESUNDHEITSUNTERSUCHUNGEN H\u00fcftdysplasie (HD): \/ Ellbogendysplasie (ED): \/ Schulter-Osteochondrose (OCD): \/ Lumbosakrale \u00dcbergangswirbel (LS\u00dcW): \/ Spondylose: \/ GENETISCHE TESTS Degenerative Myelopathy (DM): N\/N \u00a0 \u00a0 \u00a0 \u00a0 \u00a0\u00a0 [&hellip;]<\/p>\n","protected":false},"author":1,"featured_media":0,"parent":0,"menu_order":0,"comment_status":"closed","ping_status":"closed","template":"elementor_header_footer","meta":{"pagelayer_contact_templates":[],"_pagelayer_content":"","footnotes":""},"class_list":["post-5979","page","type-page","status-publish","hentry"],"_links":{"self":[{"href":"https:\/\/nomawethu.com\/en\/wp-json\/wp\/v2\/pages\/5979","targetHints":{"allow":["GET"]}}],"collection":[{"href":"https:\/\/nomawethu.com\/en\/wp-json\/wp\/v2\/pages"}],"about":[{"href":"https:\/\/nomawethu.com\/en\/wp-json\/wp\/v2\/types\/page"}],"author":[{"embeddable":true,"href":"https:\/\/nomawethu.com\/en\/wp-json\/wp\/v2\/users\/1"}],"replies":[{"embeddable":true,"href":"https:\/\/nomawethu.com\/en\/wp-json\/wp\/v2\/comments?post=5979"}],"version-history":[{"count":16,"href":"https:\/\/nomawethu.com\/en\/wp-json\/wp\/v2\/pages\/5979\/revisions"}],"predecessor-version":[{"id":7145,"href":"https:\/\/nomawethu.com\/en\/wp-json\/wp\/v2\/pages\/5979\/revisions\/7145"}],"wp:attachment":[{"href":"https:\/\/nomawethu.com\/en\/wp-json\/wp\/v2\/media?parent=5979"}],"curies":[{"name":"wp","href":"https:\/\/api.w.org\/{rel}","templated":true}]}}