{"id":6422,"date":"2025-08-17T18:54:57","date_gmt":"2025-08-17T18:54:57","guid":{"rendered":"https:\/\/nomawethu.com\/?page_id=6422"},"modified":"2025-11-12T19:09:20","modified_gmt":"2025-11-12T19:09:20","slug":"nomawethu-gitonga-galino-x-men","status":"publish","type":"page","link":"https:\/\/nomawethu.com\/en\/nomawethu-gitonga-galino-x-men\/","title":{"rendered":"Nomawethu Gitonga Galino X-Men"},"content":{"rendered":"<div data-elementor-type=\"wp-page\" data-elementor-id=\"6422\" class=\"elementor elementor-6422\" data-elementor-post-type=\"page\">\n\t\t\t\t<div class=\"elementor-element elementor-element-4a20a16 e-flex e-con-boxed e-con e-parent\" data-id=\"4a20a16\" data-element_type=\"container\" data-e-type=\"container\">\n\t\t\t\t\t<div class=\"e-con-inner\">\n\t\t\t\t<div class=\"elementor-element elementor-element-f751508 elementor-widget__width-inherit elementor-widget elementor-widget-heading\" data-id=\"f751508\" data-element_type=\"widget\" data-e-type=\"widget\" data-settings=\"{&quot;_animation&quot;:&quot;none&quot;}\" data-widget_type=\"heading.default\">\n\t\t\t\t\t\t<div class=\"elementor-widget-container\">\n\t\t\t\t\t<h2 class=\"elementor-heading-title elementor-size-default\"><a href=\"#\">Nomawethu Gitongo Galina X-Men<\/a><\/h2>\t\t\t\t<\/div>\n\t\t\t\t<\/div>\n\t\t\t\t<div class=\"elementor-element elementor-element-e13caea elementor-widget elementor-widget-Merraki Button\" data-id=\"e13caea\" data-element_type=\"widget\" data-e-type=\"widget\" data-widget_type=\"Merraki Button.default\">\n\t\t\t\t\t\t<div class=\"elementor-widget-container\">\n\t\t\t\t\t\t\t\t\t<div class=\"btn_wrapper_widget\" data-aos=\"fade-up\">\n\t\t\t\t\t<a  href=\"#\" class=\"primary-btn button-effect\">Male\/ Stud Dog<i class=\"\"><\/i><\/a>\n\t\t\t\t<\/div>\n       \t\t \t\t\t\t<\/div>\n\t\t\t\t<\/div>\n\t\t\t\t\t<\/div>\n\t\t\t\t<\/div>\n\t\t<div class=\"elementor-element elementor-element-c1804b0 e-grid e-con-boxed e-con e-parent\" data-id=\"c1804b0\" data-element_type=\"container\" data-e-type=\"container\" data-settings=\"{&quot;background_background&quot;:&quot;classic&quot;}\">\n\t\t\t\t\t<div class=\"e-con-inner\">\n\t\t\t\t<div class=\"elementor-element elementor-element-2e1b9ae elementor-widget elementor-widget-image\" data-id=\"2e1b9ae\" data-element_type=\"widget\" data-e-type=\"widget\" data-widget_type=\"image.default\">\n\t\t\t\t\t\t<div class=\"elementor-widget-container\">\n\t\t\t\t\t\t\t\t\t\t\t\t\t\t\t<img fetchpriority=\"high\" decoding=\"async\" width=\"640\" height=\"427\" src=\"https:\/\/nomawethu.com\/wp-content\/uploads\/2025\/05\/placeholder-10-1024x683.png\" class=\"attachment-large size-large wp-image-5622\" alt=\"\" srcset=\"https:\/\/nomawethu.com\/wp-content\/uploads\/2025\/05\/placeholder-10-1024x683.png 1024w, https:\/\/nomawethu.com\/wp-content\/uploads\/2025\/05\/placeholder-10-300x200.png 300w, https:\/\/nomawethu.com\/wp-content\/uploads\/2025\/05\/placeholder-10-768x512.png 768w, https:\/\/nomawethu.com\/wp-content\/uploads\/2025\/05\/placeholder-10-18x12.png 18w, https:\/\/nomawethu.com\/wp-content\/uploads\/2025\/05\/placeholder-10-600x400.png 600w, https:\/\/nomawethu.com\/wp-content\/uploads\/2025\/05\/placeholder-10.png 1200w\" sizes=\"(max-width: 640px) 100vw, 640px\" \/>\t\t\t\t\t\t\t\t\t\t\t\t\t\t\t<\/div>\n\t\t\t\t<\/div>\n\t\t\t\t<div class=\"elementor-element elementor-element-260f924 elementor-widget elementor-widget-n-accordion\" data-id=\"260f924\" data-element_type=\"widget\" data-e-type=\"widget\" data-settings=\"{&quot;default_state&quot;:&quot;expanded&quot;,&quot;max_items_expended&quot;:&quot;one&quot;,&quot;n_accordion_animation_duration&quot;:{&quot;unit&quot;:&quot;ms&quot;,&quot;size&quot;:400,&quot;sizes&quot;:[]}}\" data-widget_type=\"nested-accordion.default\">\n\t\t\t\t\t\t<div class=\"elementor-widget-container\">\n\t\t\t\t\t\t\t<div class=\"e-n-accordion\" aria-label=\"Accordion. Open links with Enter or Space, close with Escape, and navigate with Arrow Keys\">\n\t\t\t\t\t\t<details id=\"e-n-accordion-item-3990\" class=\"e-n-accordion-item\" open>\n\t\t\t\t<summary class=\"e-n-accordion-item-title\" data-accordion-index=\"1\" tabindex=\"0\" aria-expanded=\"true\" aria-controls=\"e-n-accordion-item-3990\" >\n\t\t\t\t\t<span class='e-n-accordion-item-title-header'><div class=\"e-n-accordion-item-title-text\"> BASIC INFO <\/div><\/span>\n\t\t\t\t\t\t\t<span class='e-n-accordion-item-title-icon'>\n\t\t\t<span class='e-opened' ><svg aria-hidden=\"true\" class=\"e-font-icon-svg e-fas-minus\" viewbox=\"0 0 448 512\" xmlns=\"http:\/\/www.w3.org\/2000\/svg\"><path d=\"M416 208H32c-17.67 0-32 14.33-32 32v32c0 17.67 14.33 32 32 32h384c17.67 0 32-14.33 32-32v-32c0-17.67-14.33-32-32-32z\"><\/path><\/svg><\/span>\n\t\t\t<span class='e-closed'><svg aria-hidden=\"true\" class=\"e-font-icon-svg e-fas-plus\" viewbox=\"0 0 448 512\" xmlns=\"http:\/\/www.w3.org\/2000\/svg\"><path d=\"M416 208H272V64c0-17.67-14.33-32-32-32h-32c-17.67 0-32 14.33-32 32v144H32c-17.67 0-32 14.33-32 32v32c0 17.67 14.33 32 32 32h144v144c0 17.67 14.33 32 32 32h32c17.67 0 32-14.33 32-32V304h144c17.67 0 32-14.33 32-32v-32c0-17.67-14.33-32-32-32z\"><\/path><\/svg><\/span>\n\t\t<\/span>\n\n\t\t\t\t\t\t<\/summary>\n\t\t\t\t<div role=\"region\" aria-labelledby=\"e-n-accordion-item-3990\" class=\"elementor-element elementor-element-0718776 e-con-full e-flex e-con e-child\" data-id=\"0718776\" data-element_type=\"container\" data-e-type=\"container\">\n\t\t\t\t<div class=\"elementor-element elementor-element-787fee2 elementor-widget elementor-widget-text-editor\" data-id=\"787fee2\" data-element_type=\"widget\" data-e-type=\"widget\" data-widget_type=\"text-editor.default\">\n\t\t\t\t\t\t<div class=\"elementor-widget-container\">\n\t\t\t\t\t\t\t\t\t<p>Call name: <strong>LINO<\/strong><br \/>Date of birth: <strong>14.06.2021<\/strong><\/p><p>Dam: <strong>Nomawethu Bahiya Binti<\/strong><br \/>Sire: <strong>Multi CH Shangani Nawe Wahenga Weltevreden<\/strong><br \/>Height: <strong>68 cm<\/strong><\/p><p>Weight: <strong>45 kg<\/strong><\/p><p>Dentition: <strong>full dentition, scissor bite<\/strong><br \/>Country of origin: <strong>Germany<\/strong><br \/>Breeder: <strong>Lea &amp; Josef Birkle<\/strong><\/p><p>Owner: <strong>Sabrina &amp; Sebastian Riese (France)<\/strong><\/p>\t\t\t\t\t\t\t\t<\/div>\n\t\t\t\t<\/div>\n\t\t\t\t<\/div>\n\t\t\t\t\t<\/details>\n\t\t\t\t\t\t<details id=\"e-n-accordion-item-3991\" class=\"e-n-accordion-item\" >\n\t\t\t\t<summary class=\"e-n-accordion-item-title\" data-accordion-index=\"2\" tabindex=\"-1\" aria-expanded=\"false\" aria-controls=\"e-n-accordion-item-3991\" >\n\t\t\t\t\t<span class='e-n-accordion-item-title-header'><div class=\"e-n-accordion-item-title-text\"> HEALTH TESTS <\/div><\/span>\n\t\t\t\t\t\t\t<span class='e-n-accordion-item-title-icon'>\n\t\t\t<span class='e-opened' ><svg aria-hidden=\"true\" class=\"e-font-icon-svg e-fas-minus\" viewbox=\"0 0 448 512\" xmlns=\"http:\/\/www.w3.org\/2000\/svg\"><path d=\"M416 208H32c-17.67 0-32 14.33-32 32v32c0 17.67 14.33 32 32 32h384c17.67 0 32-14.33 32-32v-32c0-17.67-14.33-32-32-32z\"><\/path><\/svg><\/span>\n\t\t\t<span class='e-closed'><svg aria-hidden=\"true\" class=\"e-font-icon-svg e-fas-plus\" viewbox=\"0 0 448 512\" xmlns=\"http:\/\/www.w3.org\/2000\/svg\"><path d=\"M416 208H272V64c0-17.67-14.33-32-32-32h-32c-17.67 0-32 14.33-32 32v144H32c-17.67 0-32 14.33-32 32v32c0 17.67 14.33 32 32 32h144v144c0 17.67 14.33 32 32 32h32c17.67 0 32-14.33 32-32V304h144c17.67 0 32-14.33 32-32v-32c0-17.67-14.33-32-32-32z\"><\/path><\/svg><\/span>\n\t\t<\/span>\n\n\t\t\t\t\t\t<\/summary>\n\t\t\t\t<div role=\"region\" aria-labelledby=\"e-n-accordion-item-3991\" class=\"elementor-element elementor-element-6950589 e-con-full e-flex e-con e-child\" data-id=\"6950589\" data-element_type=\"container\" data-e-type=\"container\">\n\t\t\t\t<div class=\"elementor-element elementor-element-8977a23 elementor-widget elementor-widget-text-editor\" data-id=\"8977a23\" data-element_type=\"widget\" data-e-type=\"widget\" data-widget_type=\"text-editor.default\">\n\t\t\t\t\t\t<div class=\"elementor-widget-container\">\n\t\t\t\t\t\t\t\t\t<p>Hip Dysplasia (HD): <strong>A2<\/strong><\/p><p>Elbow Dysplasia (ED): <strong>Free<\/strong><\/p><p>Shoulder Osteochondrosis (OCD): <strong>Free<\/strong><\/p><p>Lumbosacral Transitional Vertebrae (LTV): <strong>Free<\/strong><\/p><p>Spondylosis: <strong>\/<\/strong><\/p>\t\t\t\t\t\t\t\t<\/div>\n\t\t\t\t<\/div>\n\t\t\t\t<\/div>\n\t\t\t\t\t<\/details>\n\t\t\t\t\t\t<details id=\"e-n-accordion-item-3992\" class=\"e-n-accordion-item\" >\n\t\t\t\t<summary class=\"e-n-accordion-item-title\" data-accordion-index=\"3\" tabindex=\"-1\" aria-expanded=\"false\" aria-controls=\"e-n-accordion-item-3992\" >\n\t\t\t\t\t<span class='e-n-accordion-item-title-header'><div class=\"e-n-accordion-item-title-text\"> GENETISCHE TESTS <\/div><\/span>\n\t\t\t\t\t\t\t<span class='e-n-accordion-item-title-icon'>\n\t\t\t<span class='e-opened' ><svg aria-hidden=\"true\" class=\"e-font-icon-svg e-fas-minus\" viewbox=\"0 0 448 512\" xmlns=\"http:\/\/www.w3.org\/2000\/svg\"><path d=\"M416 208H32c-17.67 0-32 14.33-32 32v32c0 17.67 14.33 32 32 32h384c17.67 0 32-14.33 32-32v-32c0-17.67-14.33-32-32-32z\"><\/path><\/svg><\/span>\n\t\t\t<span class='e-closed'><svg aria-hidden=\"true\" class=\"e-font-icon-svg e-fas-plus\" viewbox=\"0 0 448 512\" xmlns=\"http:\/\/www.w3.org\/2000\/svg\"><path d=\"M416 208H272V64c0-17.67-14.33-32-32-32h-32c-17.67 0-32 14.33-32 32v144H32c-17.67 0-32 14.33-32 32v32c0 17.67 14.33 32 32 32h144v144c0 17.67 14.33 32 32 32h32c17.67 0 32-14.33 32-32V304h144c17.67 0 32-14.33 32-32v-32c0-17.67-14.33-32-32-32z\"><\/path><\/svg><\/span>\n\t\t<\/span>\n\n\t\t\t\t\t\t<\/summary>\n\t\t\t\t<div role=\"region\" aria-labelledby=\"e-n-accordion-item-3992\" class=\"elementor-element elementor-element-95ae2ff e-con-full e-flex e-con e-child\" data-id=\"95ae2ff\" data-element_type=\"container\" data-e-type=\"container\">\n\t\t\t\t<div class=\"elementor-element elementor-element-0667c82 elementor-widget elementor-widget-text-editor\" data-id=\"0667c82\" data-element_type=\"widget\" data-e-type=\"widget\" data-widget_type=\"text-editor.default\">\n\t\t\t\t\t\t<div class=\"elementor-widget-container\">\n\t\t\t\t\t\t\t\t\t<p>Degenerative Myelopathy (DM): <strong>N\/N\u00a0<\/strong> \u00a0 \u00a0 \u00a0 \u00a0 \u00a0<\/p><p>Juvenile Myoclonic Epilepsy (JME): <strong>N\/N\u00a0<\/strong> \u00a0 \u00a0<\/p><p>D \u2013 locus: <strong>N\/N\u00a0<\/strong> <strong>\u00a0\u00a0<\/strong> \u00a0 \u00a0\u00a0<\/p><p>B \u2013 locus: <strong>N\/N\u00a0<\/strong> \u00a0 \u00a0 \u00a0 \u00a0<\/p><p>Ridge: <strong>R\/R\u00a0<\/strong> \u00a0 \u00a0<\/p><p>MH: <strong>N\/N\u00a0<\/strong> <strong>\u00a0\u00a0<\/strong> \u00a0 \u00a0\u00a0\u00a0\u00a0\u00a0\u00a0\u00a0\u00a0<\/p><p>H\u00e4mophilie B: <strong>N\/N\u00a0<\/strong><\/p><p>Early-Onset Adult Deafness (EOAD) <strong>N\/N\u00a0<\/strong><\/p><p>DNA: <strong>ISAG 2020<\/strong><\/p>\t\t\t\t\t\t\t\t<\/div>\n\t\t\t\t<\/div>\n\t\t\t\t<\/div>\n\t\t\t\t\t<\/details>\n\t\t\t\t\t\t<details id=\"e-n-accordion-item-3993\" class=\"e-n-accordion-item\" >\n\t\t\t\t<summary class=\"e-n-accordion-item-title\" data-accordion-index=\"4\" tabindex=\"-1\" aria-expanded=\"false\" aria-controls=\"e-n-accordion-item-3993\" >\n\t\t\t\t\t<span class='e-n-accordion-item-title-header'><div class=\"e-n-accordion-item-title-text\"> TEMPERAMENT AND BEHAVIOR <\/div><\/span>\n\t\t\t\t\t\t\t<span class='e-n-accordion-item-title-icon'>\n\t\t\t<span class='e-opened' ><svg aria-hidden=\"true\" class=\"e-font-icon-svg e-fas-minus\" viewbox=\"0 0 448 512\" xmlns=\"http:\/\/www.w3.org\/2000\/svg\"><path d=\"M416 208H32c-17.67 0-32 14.33-32 32v32c0 17.67 14.33 32 32 32h384c17.67 0 32-14.33 32-32v-32c0-17.67-14.33-32-32-32z\"><\/path><\/svg><\/span>\n\t\t\t<span class='e-closed'><svg aria-hidden=\"true\" class=\"e-font-icon-svg e-fas-plus\" viewbox=\"0 0 448 512\" xmlns=\"http:\/\/www.w3.org\/2000\/svg\"><path d=\"M416 208H272V64c0-17.67-14.33-32-32-32h-32c-17.67 0-32 14.33-32 32v144H32c-17.67 0-32 14.33-32 32v32c0 17.67 14.33 32 32 32h144v144c0 17.67 14.33 32 32 32h32c17.67 0 32-14.33 32-32V304h144c17.67 0 32-14.33 32-32v-32c0-17.67-14.33-32-32-32z\"><\/path><\/svg><\/span>\n\t\t<\/span>\n\n\t\t\t\t\t\t<\/summary>\n\t\t\t\t<div role=\"region\" aria-labelledby=\"e-n-accordion-item-3993\" class=\"elementor-element elementor-element-4355a0b e-flex e-con-boxed e-con e-child\" data-id=\"4355a0b\" data-element_type=\"container\" data-e-type=\"container\">\n\t\t\t\t\t<div class=\"e-con-inner\">\n\t\t\t\t<div class=\"elementor-element elementor-element-ba925eb elementor-widget elementor-widget-text-editor\" data-id=\"ba925eb\" data-element_type=\"widget\" data-e-type=\"widget\" data-widget_type=\"text-editor.default\">\n\t\t\t\t\t\t<div class=\"elementor-widget-container\">\n\t\t\t\t\t\t\t\t\t<p>Exams: <strong>Confirmation SCC France\u00a0<\/strong><\/p>\t\t\t\t\t\t\t\t<\/div>\n\t\t\t\t<\/div>\n\t\t\t\t\t<\/div>\n\t\t\t\t<\/div>\n\t\t\t\t\t<\/details>\n\t\t\t\t\t<\/div>\n\t\t\t\t\t\t<\/div>\n\t\t\t\t<\/div>\n\t\t\t\t\t<\/div>\n\t\t\t\t<\/div>\n\t\t<div class=\"elementor-element elementor-element-6794074 e-con-full e-flex e-con e-parent\" data-id=\"6794074\" data-element_type=\"container\" data-e-type=\"container\" data-settings=\"{&quot;background_background&quot;:&quot;classic&quot;}\">\n\t\t\t\t<div class=\"elementor-element elementor-element-652a667 elementor-widget elementor-widget-heading\" data-id=\"652a667\" data-element_type=\"widget\" data-e-type=\"widget\" data-widget_type=\"heading.default\">\n\t\t\t\t\t\t<div class=\"elementor-widget-container\">\n\t\t\t\t\t<h3 class=\"elementor-heading-title elementor-size-default\">Pedigree<\/h3>\t\t\t\t<\/div>\n\t\t\t\t<\/div>\n\t\t\t\t<div class=\"elementor-element elementor-element-3863c41 elementor-widget elementor-widget-image\" data-id=\"3863c41\" data-element_type=\"widget\" data-e-type=\"widget\" data-widget_type=\"image.default\">\n\t\t\t\t\t\t<div class=\"elementor-widget-container\">\n\t\t\t\t\t\t\t\t\t\t\t\t\t\t\t<img decoding=\"async\" width=\"2560\" height=\"1762\" src=\"https:\/\/nomawethu.com\/wp-content\/uploads\/2025\/11\/NomawethuGitongaGalinoX-Men-scaled.jpg\" class=\"attachment-full size-full wp-image-6887\" alt=\"\" srcset=\"https:\/\/nomawethu.com\/wp-content\/uploads\/2025\/11\/NomawethuGitongaGalinoX-Men-scaled.jpg 2560w, https:\/\/nomawethu.com\/wp-content\/uploads\/2025\/11\/NomawethuGitongaGalinoX-Men-300x206.jpg 300w, https:\/\/nomawethu.com\/wp-content\/uploads\/2025\/11\/NomawethuGitongaGalinoX-Men-1024x705.jpg 1024w, https:\/\/nomawethu.com\/wp-content\/uploads\/2025\/11\/NomawethuGitongaGalinoX-Men-768x528.jpg 768w, https:\/\/nomawethu.com\/wp-content\/uploads\/2025\/11\/NomawethuGitongaGalinoX-Men-1536x1057.jpg 1536w, https:\/\/nomawethu.com\/wp-content\/uploads\/2025\/11\/NomawethuGitongaGalinoX-Men-2048x1409.jpg 2048w, https:\/\/nomawethu.com\/wp-content\/uploads\/2025\/11\/NomawethuGitongaGalinoX-Men-18x12.jpg 18w\" sizes=\"(max-width: 2560px) 100vw, 2560px\" \/>\t\t\t\t\t\t\t\t\t\t\t\t\t\t\t<\/div>\n\t\t\t\t<\/div>\n\t\t\t\t<\/div>\n\t\t<div class=\"elementor-element elementor-element-dadff9b e-flex e-con-boxed e-con e-parent\" data-id=\"dadff9b\" data-element_type=\"container\" data-e-type=\"container\">\n\t\t\t\t\t<div class=\"e-con-inner\">\n\t\t\t\t<div class=\"elementor-element elementor-element-edfd034 elementor-widget elementor-widget-heading\" data-id=\"edfd034\" data-element_type=\"widget\" data-e-type=\"widget\" data-widget_type=\"heading.default\">\n\t\t\t\t\t\t<div class=\"elementor-widget-container\">\n\t\t\t\t\t<h3 class=\"elementor-heading-title elementor-size-default\">Gallery<\/h3>\t\t\t\t<\/div>\n\t\t\t\t<\/div>\n\t\t\t\t\t<\/div>\n\t\t\t\t<\/div>\n\t\t<div class=\"elementor-element elementor-element-c4cbfab e-con-full e-flex e-con e-parent\" data-id=\"c4cbfab\" data-element_type=\"container\" data-e-type=\"container\">\n\t\t\t\t<div class=\"elementor-element elementor-element-d1c8ac3 elementor-widget elementor-widget-gallery\" data-id=\"d1c8ac3\" data-element_type=\"widget\" data-e-type=\"widget\" data-settings=\"{&quot;gap&quot;:{&quot;unit&quot;:&quot;px&quot;,&quot;size&quot;:0,&quot;sizes&quot;:[]},&quot;gallery_layout&quot;:&quot;justified&quot;,&quot;ideal_row_height&quot;:{&quot;unit&quot;:&quot;px&quot;,&quot;size&quot;:300,&quot;sizes&quot;:[]},&quot;lazyload&quot;:&quot;yes&quot;,&quot;ideal_row_height_laptop&quot;:{&quot;unit&quot;:&quot;px&quot;,&quot;size&quot;:150,&quot;sizes&quot;:[]},&quot;ideal_row_height_tablet&quot;:{&quot;unit&quot;:&quot;px&quot;,&quot;size&quot;:150,&quot;sizes&quot;:[]},&quot;ideal_row_height_mobile&quot;:{&quot;unit&quot;:&quot;px&quot;,&quot;size&quot;:150,&quot;sizes&quot;:[]},&quot;gap_laptop&quot;:{&quot;unit&quot;:&quot;px&quot;,&quot;size&quot;:10,&quot;sizes&quot;:[]},&quot;gap_tablet&quot;:{&quot;unit&quot;:&quot;px&quot;,&quot;size&quot;:10,&quot;sizes&quot;:[]},&quot;gap_mobile&quot;:{&quot;unit&quot;:&quot;px&quot;,&quot;size&quot;:10,&quot;sizes&quot;:[]},&quot;link_to&quot;:&quot;file&quot;,&quot;overlay_background&quot;:&quot;yes&quot;,&quot;content_hover_animation&quot;:&quot;fade-in&quot;}\" data-widget_type=\"gallery.default\">\n\t\t\t\t\t\t<div class=\"elementor-widget-container\">\n\t\t\t\t\t\t\t<div class=\"elementor-gallery__container\">\n\t\t\t\t\t\t\t<a class=\"e-gallery-item elementor-gallery-item elementor-animated-content\" href=\"https:\/\/nomawethu.com\/wp-content\/uploads\/2025\/05\/placeholder-10.png\" data-elementor-open-lightbox=\"yes\" data-elementor-lightbox-slideshow=\"d1c8ac3\" data-elementor-lightbox-title=\"placeholder.png\" data-e-action-hash=\"#elementor-action%3Aaction%3Dlightbox%26settings%3DeyJpZCI6NTYyMiwidXJsIjoiaHR0cHM6XC9cL25vbWF3ZXRodS5jb21cL3dwLWNvbnRlbnRcL3VwbG9hZHNcLzIwMjVcLzA1XC9wbGFjZWhvbGRlci0xMC5wbmciLCJzbGlkZXNob3ciOiJkMWM4YWMzIn0%3D\">\n\t\t\t\t\t<div class=\"e-gallery-image elementor-gallery-item__image\" data-thumbnail=\"https:\/\/nomawethu.com\/wp-content\/uploads\/2025\/05\/placeholder-10-1024x683.png\" data-width=\"640\" data-height=\"427\" aria-label=\"\" role=\"img\" ><\/div>\n\t\t\t\t\t\t\t\t\t\t\t<div class=\"elementor-gallery-item__overlay\"><\/div>\n\t\t\t\t\t\t\t\t\t\t\t\t\t\t<\/a>\n\t\t\t\t\t\t\t<a class=\"e-gallery-item elementor-gallery-item elementor-animated-content\" href=\"https:\/\/nomawethu.com\/wp-content\/uploads\/2025\/05\/placeholder-9.png\" data-elementor-open-lightbox=\"yes\" data-elementor-lightbox-slideshow=\"d1c8ac3\" data-elementor-lightbox-title=\"placeholder.png\" data-e-action-hash=\"#elementor-action%3Aaction%3Dlightbox%26settings%3DeyJpZCI6NTYyMSwidXJsIjoiaHR0cHM6XC9cL25vbWF3ZXRodS5jb21cL3dwLWNvbnRlbnRcL3VwbG9hZHNcLzIwMjVcLzA1XC9wbGFjZWhvbGRlci05LnBuZyIsInNsaWRlc2hvdyI6ImQxYzhhYzMifQ%3D%3D\">\n\t\t\t\t\t<div class=\"e-gallery-image elementor-gallery-item__image\" data-thumbnail=\"https:\/\/nomawethu.com\/wp-content\/uploads\/2025\/05\/placeholder-9-1024x683.png\" data-width=\"640\" data-height=\"427\" aria-label=\"\" role=\"img\" ><\/div>\n\t\t\t\t\t\t\t\t\t\t\t<div class=\"elementor-gallery-item__overlay\"><\/div>\n\t\t\t\t\t\t\t\t\t\t\t\t\t\t<\/a>\n\t\t\t\t\t\t\t<a class=\"e-gallery-item elementor-gallery-item elementor-animated-content\" href=\"https:\/\/nomawethu.com\/wp-content\/uploads\/2025\/05\/placeholder-8.png\" data-elementor-open-lightbox=\"yes\" data-elementor-lightbox-slideshow=\"d1c8ac3\" data-elementor-lightbox-title=\"placeholder.png\" data-e-action-hash=\"#elementor-action%3Aaction%3Dlightbox%26settings%3DeyJpZCI6NTYyMCwidXJsIjoiaHR0cHM6XC9cL25vbWF3ZXRodS5jb21cL3dwLWNvbnRlbnRcL3VwbG9hZHNcLzIwMjVcLzA1XC9wbGFjZWhvbGRlci04LnBuZyIsInNsaWRlc2hvdyI6ImQxYzhhYzMifQ%3D%3D\">\n\t\t\t\t\t<div class=\"e-gallery-image elementor-gallery-item__image\" data-thumbnail=\"https:\/\/nomawethu.com\/wp-content\/uploads\/2025\/05\/placeholder-8-1024x683.png\" data-width=\"640\" data-height=\"427\" aria-label=\"\" role=\"img\" ><\/div>\n\t\t\t\t\t\t\t\t\t\t\t<div class=\"elementor-gallery-item__overlay\"><\/div>\n\t\t\t\t\t\t\t\t\t\t\t\t\t\t<\/a>\n\t\t\t\t\t\t\t<a class=\"e-gallery-item elementor-gallery-item elementor-animated-content\" href=\"https:\/\/nomawethu.com\/wp-content\/uploads\/2025\/05\/placeholder-7.png\" data-elementor-open-lightbox=\"yes\" data-elementor-lightbox-slideshow=\"d1c8ac3\" data-elementor-lightbox-title=\"placeholder.png\" data-e-action-hash=\"#elementor-action%3Aaction%3Dlightbox%26settings%3DeyJpZCI6NTYxOSwidXJsIjoiaHR0cHM6XC9cL25vbWF3ZXRodS5jb21cL3dwLWNvbnRlbnRcL3VwbG9hZHNcLzIwMjVcLzA1XC9wbGFjZWhvbGRlci03LnBuZyIsInNsaWRlc2hvdyI6ImQxYzhhYzMifQ%3D%3D\">\n\t\t\t\t\t<div class=\"e-gallery-image elementor-gallery-item__image\" data-thumbnail=\"https:\/\/nomawethu.com\/wp-content\/uploads\/2025\/05\/placeholder-7-1024x683.png\" data-width=\"640\" data-height=\"427\" aria-label=\"\" role=\"img\" ><\/div>\n\t\t\t\t\t\t\t\t\t\t\t<div class=\"elementor-gallery-item__overlay\"><\/div>\n\t\t\t\t\t\t\t\t\t\t\t\t\t\t<\/a>\n\t\t\t\t\t\t\t<a class=\"e-gallery-item elementor-gallery-item elementor-animated-content\" href=\"https:\/\/nomawethu.com\/wp-content\/uploads\/2025\/05\/placeholder-6.png\" data-elementor-open-lightbox=\"yes\" data-elementor-lightbox-slideshow=\"d1c8ac3\" data-elementor-lightbox-title=\"placeholder.png\" data-e-action-hash=\"#elementor-action%3Aaction%3Dlightbox%26settings%3DeyJpZCI6NTYxOCwidXJsIjoiaHR0cHM6XC9cL25vbWF3ZXRodS5jb21cL3dwLWNvbnRlbnRcL3VwbG9hZHNcLzIwMjVcLzA1XC9wbGFjZWhvbGRlci02LnBuZyIsInNsaWRlc2hvdyI6ImQxYzhhYzMifQ%3D%3D\">\n\t\t\t\t\t<div class=\"e-gallery-image elementor-gallery-item__image\" data-thumbnail=\"https:\/\/nomawethu.com\/wp-content\/uploads\/2025\/05\/placeholder-6-1024x683.png\" data-width=\"640\" data-height=\"427\" aria-label=\"\" role=\"img\" ><\/div>\n\t\t\t\t\t\t\t\t\t\t\t<div class=\"elementor-gallery-item__overlay\"><\/div>\n\t\t\t\t\t\t\t\t\t\t\t\t\t\t<\/a>\n\t\t\t\t\t<\/div>\n\t\t\t\t\t<\/div>\n\t\t\t\t<\/div>\n\t\t\t\t<\/div>\n\t\t\t\t<\/div>","protected":false},"excerpt":{"rendered":"<p>Nomawethu Gitongo Galina X-Men R\u00fcde \/ Deckr\u00fcde GRUNDINFORMATIONEN Rufname: LINOGeburtsdatum: 14.06.2021 Mutter (H\u00fcndin): Nomawethu Bahiya BintiVater (R\u00fcde): Multi CH Shangani Nawe Wahenga WeltevredenWiderristh\u00f6he: 68 cm Gewicht: 45 kg Gebiss: vollzahniges ScherengebissHerkunftsland: DeutschlandZ\u00fcchter: Lea &amp; Josef Birkle Besitzer: Sabrina &amp; Sebastian Riese (Frankreich) GESUNDHEITSUNTERSUCHUNGEN H\u00fcftdysplasie (HD): A2 Ellbogendysplasie (ED): Frei Schulter-Osteochondrose (OCD): Frei Lumbosakrale \u00dcbergangswirbel (LS\u00dcW): [&hellip;]<\/p>\n","protected":false},"author":1,"featured_media":0,"parent":0,"menu_order":0,"comment_status":"closed","ping_status":"closed","template":"elementor_header_footer","meta":{"pagelayer_contact_templates":[],"_pagelayer_content":"","footnotes":""},"class_list":["post-6422","page","type-page","status-publish","hentry"],"_links":{"self":[{"href":"https:\/\/nomawethu.com\/en\/wp-json\/wp\/v2\/pages\/6422","targetHints":{"allow":["GET"]}}],"collection":[{"href":"https:\/\/nomawethu.com\/en\/wp-json\/wp\/v2\/pages"}],"about":[{"href":"https:\/\/nomawethu.com\/en\/wp-json\/wp\/v2\/types\/page"}],"author":[{"embeddable":true,"href":"https:\/\/nomawethu.com\/en\/wp-json\/wp\/v2\/users\/1"}],"replies":[{"embeddable":true,"href":"https:\/\/nomawethu.com\/en\/wp-json\/wp\/v2\/comments?post=6422"}],"version-history":[{"count":11,"href":"https:\/\/nomawethu.com\/en\/wp-json\/wp\/v2\/pages\/6422\/revisions"}],"predecessor-version":[{"id":6891,"href":"https:\/\/nomawethu.com\/en\/wp-json\/wp\/v2\/pages\/6422\/revisions\/6891"}],"wp:attachment":[{"href":"https:\/\/nomawethu.com\/en\/wp-json\/wp\/v2\/media?parent=6422"}],"curies":[{"name":"wp","href":"https:\/\/api.w.org\/{rel}","templated":true}]}}