{"id":7004,"date":"2025-12-02T20:29:07","date_gmt":"2025-12-02T20:29:07","guid":{"rendered":"https:\/\/nomawethu.com\/?page_id=7004"},"modified":"2026-02-09T20:18:27","modified_gmt":"2026-02-09T20:18:27","slug":"f-wurfe","status":"publish","type":"page","link":"https:\/\/nomawethu.com\/en\/f-wurfe\/","title":{"rendered":"F Litter"},"content":{"rendered":"<div data-elementor-type=\"wp-page\" data-elementor-id=\"7004\" class=\"elementor elementor-7004\" data-elementor-post-type=\"page\">\n\t\t\t\t\t\t<section class=\"elementor-section elementor-top-section elementor-element elementor-element-0597f8f elementor-section-boxed elementor-section-height-default elementor-section-height-default\" data-id=\"0597f8f\" data-element_type=\"section\" data-e-type=\"section\" data-settings=\"{&quot;background_background&quot;:&quot;classic&quot;}\">\n\t\t\t\t\t\t\t<div class=\"elementor-background-overlay\"><\/div>\n\t\t\t\t\t\t\t<div class=\"elementor-container elementor-column-gap-no\">\n\t\t\t\t\t<div class=\"elementor-column elementor-col-100 elementor-top-column elementor-element elementor-element-e512ee1\" data-id=\"e512ee1\" data-element_type=\"column\" data-e-type=\"column\">\n\t\t\t<div class=\"elementor-widget-wrap elementor-element-populated\">\n\t\t\t\t\t\t<div class=\"elementor-element elementor-element-ee0df01 elementor-invisible elementor-widget elementor-widget-heading\" data-id=\"ee0df01\" data-element_type=\"widget\" data-e-type=\"widget\" data-settings=\"{&quot;_animation&quot;:&quot;zoomIn&quot;}\" data-widget_type=\"heading.default\">\n\t\t\t\t\t\t<div class=\"elementor-widget-container\">\n\t\t\t\t\t<h5 class=\"elementor-heading-title elementor-size-default\">Past litters<\/h5>\t\t\t\t<\/div>\n\t\t\t\t<\/div>\n\t\t\t\t<div class=\"elementor-element elementor-element-d91bf9a elementor-invisible elementor-widget elementor-widget-heading\" data-id=\"d91bf9a\" data-element_type=\"widget\" data-e-type=\"widget\" data-settings=\"{&quot;_animation&quot;:&quot;pulse&quot;}\" data-widget_type=\"heading.default\">\n\t\t\t\t\t\t<div class=\"elementor-widget-container\">\n\t\t\t\t\t<h2 class=\"elementor-heading-title elementor-size-default\">F Litter<\/h2>\t\t\t\t<\/div>\n\t\t\t\t<\/div>\n\t\t\t\t<div class=\"elementor-element elementor-element-06d5ced elementor-widget elementor-widget-text-editor\" data-id=\"06d5ced\" data-element_type=\"widget\" data-e-type=\"widget\" data-widget_type=\"text-editor.default\">\n\t\t\t\t\t\t<div class=\"elementor-widget-container\">\n\t\t\t\t\t\t\t\t\t<h3 class=\"p1\"> 30.03.2021<\/h3>\n<p class=\"p1\">7 Puppies, 2 Males, 5 Females, 1 Multicrown<\/p>\t\t\t\t\t\t\t\t<\/div>\n\t\t\t\t<\/div>\n\t\t\t\t\t<\/div>\n\t\t<\/div>\n\t\t\t\t\t<\/div>\n\t\t<\/section>\n\t\t<div class=\"elementor-element elementor-element-e117fca e-flex e-con-boxed e-con e-parent\" data-id=\"e117fca\" data-element_type=\"container\" data-e-type=\"container\">\n\t\t\t\t\t<div class=\"e-con-inner\">\n\t\t<div class=\"elementor-element elementor-element-d4cfdbb e-con-full e-flex elementor-invisible e-con e-child\" data-id=\"d4cfdbb\" data-element_type=\"container\" data-e-type=\"container\" data-settings=\"{&quot;motion_fx_motion_fx_mouse&quot;:&quot;yes&quot;,&quot;animation&quot;:&quot;pulse&quot;}\">\n\t\t\t\t<div class=\"elementor-element elementor-element-022d948 elementor-widget elementor-widget-heading\" data-id=\"022d948\" data-element_type=\"widget\" data-e-type=\"widget\" data-widget_type=\"heading.default\">\n\t\t\t\t\t\t<div class=\"elementor-widget-container\">\n\t\t\t\t\t<h3 class=\"elementor-heading-title elementor-size-default\">Sire<\/h3>\t\t\t\t<\/div>\n\t\t\t\t<\/div>\n\t\t\t\t<div class=\"elementor-element elementor-element-45a21d9 elementor-widget elementor-widget-image\" data-id=\"45a21d9\" data-element_type=\"widget\" data-e-type=\"widget\" data-widget_type=\"image.default\">\n\t\t\t\t\t\t<div class=\"elementor-widget-container\">\n\t\t\t\t\t\t\t\t\t\t\t\t\t\t\t<img fetchpriority=\"high\" decoding=\"async\" width=\"640\" height=\"427\" src=\"https:\/\/nomawethu.com\/wp-content\/uploads\/2025\/05\/placeholder-10-1024x683.png\" class=\"attachment-large size-large wp-image-5622\" alt=\"\" srcset=\"https:\/\/nomawethu.com\/wp-content\/uploads\/2025\/05\/placeholder-10-1024x683.png 1024w, https:\/\/nomawethu.com\/wp-content\/uploads\/2025\/05\/placeholder-10-300x200.png 300w, https:\/\/nomawethu.com\/wp-content\/uploads\/2025\/05\/placeholder-10-768x512.png 768w, https:\/\/nomawethu.com\/wp-content\/uploads\/2025\/05\/placeholder-10-18x12.png 18w, https:\/\/nomawethu.com\/wp-content\/uploads\/2025\/05\/placeholder-10-600x400.png 600w, https:\/\/nomawethu.com\/wp-content\/uploads\/2025\/05\/placeholder-10.png 1200w\" sizes=\"(max-width: 640px) 100vw, 640px\" \/>\t\t\t\t\t\t\t\t\t\t\t\t\t\t\t<\/div>\n\t\t\t\t<\/div>\n\t\t\t\t<div class=\"elementor-element elementor-element-043668c elementor-widget elementor-widget-heading\" data-id=\"043668c\" data-element_type=\"widget\" data-e-type=\"widget\" data-widget_type=\"heading.default\">\n\t\t\t\t\t\t<div class=\"elementor-widget-container\">\n\t\t\t\t\t<h4 class=\"elementor-heading-title elementor-size-default\">Gitonga Mvita de Kiungwana<\/h4>\t\t\t\t<\/div>\n\t\t\t\t<\/div>\n\t\t\t\t<div class=\"elementor-element elementor-element-75ba2d8 elementor-widget elementor-widget-text-editor\" data-id=\"75ba2d8\" data-element_type=\"widget\" data-e-type=\"widget\" data-widget_type=\"text-editor.default\">\n\t\t\t\t\t\t<div class=\"elementor-widget-container\">\n\t\t\t\t\t\t\t\t\t<ul><li class=\"p1\">HD A1<\/li><li class=\"p1\">ED 0<\/li><li class=\"p1\">OCD frei,<\/li><li class=\"p1\">LTV free<\/li><li class=\"p1\">DM N\/N,<\/li><li class=\"p1\">H\u00e4mophilie B N\/N<\/li><li class=\"p1\">JME N\/N<\/li><li class=\"p1\">B-Lokus N\/N<\/li><li class=\"p1\">D-Lokus N\/N<\/li><\/ul>\t\t\t\t\t\t\t\t<\/div>\n\t\t\t\t<\/div>\n\t\t\t\t<\/div>\n\t\t<div class=\"elementor-element elementor-element-ffb3984 e-con-full e-flex elementor-invisible e-con e-child\" data-id=\"ffb3984\" data-element_type=\"container\" data-e-type=\"container\" data-settings=\"{&quot;motion_fx_motion_fx_mouse&quot;:&quot;yes&quot;,&quot;animation&quot;:&quot;pulse&quot;,&quot;animation_delay&quot;:2}\">\n\t\t\t\t<div class=\"elementor-element elementor-element-68044d5 elementor-widget elementor-widget-heading\" data-id=\"68044d5\" data-element_type=\"widget\" data-e-type=\"widget\" data-widget_type=\"heading.default\">\n\t\t\t\t\t\t<div class=\"elementor-widget-container\">\n\t\t\t\t\t<h3 class=\"elementor-heading-title elementor-size-default\">Dam<\/h3>\t\t\t\t<\/div>\n\t\t\t\t<\/div>\n\t\t\t\t<div class=\"elementor-element elementor-element-4c28e0a elementor-widget elementor-widget-image\" data-id=\"4c28e0a\" data-element_type=\"widget\" data-e-type=\"widget\" data-widget_type=\"image.default\">\n\t\t\t\t\t\t<div class=\"elementor-widget-container\">\n\t\t\t\t\t\t\t\t\t\t\t\t\t\t\t<img decoding=\"async\" width=\"500\" height=\"500\" src=\"https:\/\/nomawethu.com\/wp-content\/uploads\/2026\/02\/nomawethu_Gani_B_litter.jpg\" class=\"attachment-large size-large wp-image-7167\" alt=\"\" srcset=\"https:\/\/nomawethu.com\/wp-content\/uploads\/2026\/02\/nomawethu_Gani_B_litter.jpg 500w, https:\/\/nomawethu.com\/wp-content\/uploads\/2026\/02\/nomawethu_Gani_B_litter-300x300.jpg 300w, https:\/\/nomawethu.com\/wp-content\/uploads\/2026\/02\/nomawethu_Gani_B_litter-150x150.jpg 150w, https:\/\/nomawethu.com\/wp-content\/uploads\/2026\/02\/nomawethu_Gani_B_litter-12x12.jpg 12w\" sizes=\"(max-width: 500px) 100vw, 500px\" \/>\t\t\t\t\t\t\t\t\t\t\t\t\t\t\t<\/div>\n\t\t\t\t<\/div>\n\t\t\t\t<div class=\"elementor-element elementor-element-ec3731c elementor-widget elementor-widget-heading\" data-id=\"ec3731c\" data-element_type=\"widget\" data-e-type=\"widget\" data-widget_type=\"heading.default\">\n\t\t\t\t\t\t<div class=\"elementor-widget-container\">\n\t\t\t\t\t<h4 class=\"elementor-heading-title elementor-size-default\">Matobo Hills Gashle Gani<\/h4>\t\t\t\t<\/div>\n\t\t\t\t<\/div>\n\t\t\t\t<div class=\"elementor-element elementor-element-f739477 elementor-widget elementor-widget-text-editor\" data-id=\"f739477\" data-element_type=\"widget\" data-e-type=\"widget\" data-widget_type=\"text-editor.default\">\n\t\t\t\t\t\t<div class=\"elementor-widget-container\">\n\t\t\t\t\t\t\t\t\t<ul><li class=\"p1\">HD B1<\/li><li class=\"p1\">ED 0<\/li><li class=\"p1\">OCD free<\/li><li class=\"p1\">DM N\/N<\/li><li class=\"p1\">D-Lokus N\/N<\/li><li class=\"p1\">H\u00e4mophilie B N\/N<\/li><li class=\"p1\">JME N\/JME<\/li><li class=\"p1\">B-Lokus N\/N<\/li><li class=\"p1\">D-Lokus N\/N<\/li><\/ul>\t\t\t\t\t\t\t\t<\/div>\n\t\t\t\t<\/div>\n\t\t\t\t<\/div>\n\t\t\t\t\t<\/div>\n\t\t\t\t<\/div>\n\t\t<div class=\"elementor-element elementor-element-ecf72c4 e-flex e-con-boxed e-con e-parent\" data-id=\"ecf72c4\" data-element_type=\"container\" data-e-type=\"container\">\n\t\t\t\t\t<div class=\"e-con-inner\">\n\t\t\t\t<div class=\"elementor-element elementor-element-f6db304 elementor-widget elementor-widget-heading\" data-id=\"f6db304\" data-element_type=\"widget\" data-e-type=\"widget\" data-widget_type=\"heading.default\">\n\t\t\t\t\t\t<div class=\"elementor-widget-container\">\n\t\t\t\t\t<h3 class=\"elementor-heading-title elementor-size-default\">Puppies Pedigree<\/h3>\t\t\t\t<\/div>\n\t\t\t\t<\/div>\n\t\t\t\t<div class=\"elementor-element elementor-element-f8a37ab elementor-invisible elementor-widget elementor-widget-image\" data-id=\"f8a37ab\" data-element_type=\"widget\" data-e-type=\"widget\" data-settings=\"{&quot;_animation&quot;:&quot;pulse&quot;,&quot;_animation_delay&quot;:5}\" data-widget_type=\"image.default\">\n\t\t\t\t\t\t<div class=\"elementor-widget-container\">\n\t\t\t\t\t\t\t\t\t\t\t\t\t\t\t<img decoding=\"async\" width=\"2282\" height=\"1406\" src=\"https:\/\/nomawethu.com\/wp-content\/uploads\/2025\/12\/Nomawethu_F_litter.jpeg\" class=\"attachment-full size-full wp-image-7006\" alt=\"\" srcset=\"https:\/\/nomawethu.com\/wp-content\/uploads\/2025\/12\/Nomawethu_F_litter.jpeg 2282w, https:\/\/nomawethu.com\/wp-content\/uploads\/2025\/12\/Nomawethu_F_litter-300x185.jpeg 300w, https:\/\/nomawethu.com\/wp-content\/uploads\/2025\/12\/Nomawethu_F_litter-1024x631.jpeg 1024w, https:\/\/nomawethu.com\/wp-content\/uploads\/2025\/12\/Nomawethu_F_litter-768x473.jpeg 768w, https:\/\/nomawethu.com\/wp-content\/uploads\/2025\/12\/Nomawethu_F_litter-1536x946.jpeg 1536w, https:\/\/nomawethu.com\/wp-content\/uploads\/2025\/12\/Nomawethu_F_litter-2048x1262.jpeg 2048w, https:\/\/nomawethu.com\/wp-content\/uploads\/2025\/12\/Nomawethu_F_litter-18x12.jpeg 18w, https:\/\/nomawethu.com\/wp-content\/uploads\/2025\/12\/Nomawethu_F_litter-336x207.jpeg 336w\" sizes=\"(max-width: 2282px) 100vw, 2282px\" \/>\t\t\t\t\t\t\t\t\t\t\t\t\t\t\t<\/div>\n\t\t\t\t<\/div>\n\t\t\t\t\t<\/div>\n\t\t\t\t<\/div>\n\t\t<div class=\"elementor-element elementor-element-ac75e05 e-flex e-con-boxed e-con e-parent\" data-id=\"ac75e05\" data-element_type=\"container\" data-e-type=\"container\" data-settings=\"{&quot;background_background&quot;:&quot;classic&quot;}\">\n\t\t\t\t\t<div class=\"e-con-inner\">\n\t\t\t\t<div class=\"elementor-element elementor-element-d0563b4 elementor-widget elementor-widget-heading\" data-id=\"d0563b4\" data-element_type=\"widget\" data-e-type=\"widget\" data-widget_type=\"heading.default\">\n\t\t\t\t\t\t<div class=\"elementor-widget-container\">\n\t\t\t\t\t<h3 class=\"elementor-heading-title elementor-size-default\">Gallery<\/h3>\t\t\t\t<\/div>\n\t\t\t\t<\/div>\n\t\t\t\t<div class=\"elementor-element elementor-element-d5f5635 elementor-widget elementor-widget-gallery\" data-id=\"d5f5635\" data-element_type=\"widget\" data-e-type=\"widget\" data-settings=\"{&quot;gallery_layout&quot;:&quot;masonry&quot;,&quot;lazyload&quot;:&quot;yes&quot;,&quot;columns&quot;:4,&quot;columns_tablet&quot;:2,&quot;columns_mobile&quot;:1,&quot;gap&quot;:{&quot;unit&quot;:&quot;px&quot;,&quot;size&quot;:10,&quot;sizes&quot;:[]},&quot;gap_laptop&quot;:{&quot;unit&quot;:&quot;px&quot;,&quot;size&quot;:10,&quot;sizes&quot;:[]},&quot;gap_tablet&quot;:{&quot;unit&quot;:&quot;px&quot;,&quot;size&quot;:10,&quot;sizes&quot;:[]},&quot;gap_mobile&quot;:{&quot;unit&quot;:&quot;px&quot;,&quot;size&quot;:10,&quot;sizes&quot;:[]},&quot;link_to&quot;:&quot;file&quot;,&quot;show_all_galleries&quot;:&quot;yes&quot;,&quot;overlay_background&quot;:&quot;yes&quot;,&quot;content_hover_animation&quot;:&quot;fade-in&quot;}\" data-widget_type=\"gallery.default\">\n\t\t\t\t\t\t<div class=\"elementor-widget-container\">\n\t\t\t\t\t\t\t\t<div class=\"elementor-gallery__titles-container e--pointer-underline e--animation-fade\" aria-label=\"Gallery filter\" data-no-translation-aria-label=\"\">\n\t\t\t\t\t\t\t\t\t<a class=\"elementor-item elementor-gallery-title\" role=\"button\" tabindex=\"0\" data-gallery-index=\"all\">\n\t\t\t\t\t\tAll\t\t\t\t\t<\/a>\n\t\t\t\t\n\t\t\t\t\t\t\t<\/div>\n\t\t\t\t\t\t\t<\/div>\n\t\t\t\t<\/div>\n\t\t\t\t\t<\/div>\n\t\t\t\t<\/div>\n\t\t\t\t<\/div>","protected":false},"excerpt":{"rendered":"<p>Vergangene W\u00fcrfe F W\u00fcrfe 30.03.2021 7 Welpen, 2 R\u00fcden, 5 H\u00fcndinnen, 1, Multicrown Sire Gitonga Mvita de Kiungwana HD A1 ED 0 OCD frei, LTV frei DM N\/N, H\u00e4mophilie B N\/N JME N\/N B-Lokus N\/N D-Lokus N\/N Dam Matobo Hills Gashle Gani HD B1 ED 0 OCD frei DM N\/N D-Lokus N\/N H\u00e4mophilie B N\/N [&hellip;]<\/p>\n","protected":false},"author":1,"featured_media":0,"parent":0,"menu_order":0,"comment_status":"closed","ping_status":"closed","template":"elementor_header_footer","meta":{"pagelayer_contact_templates":[],"_pagelayer_content":"","footnotes":""},"class_list":["post-7004","page","type-page","status-publish","hentry"],"_links":{"self":[{"href":"https:\/\/nomawethu.com\/en\/wp-json\/wp\/v2\/pages\/7004","targetHints":{"allow":["GET"]}}],"collection":[{"href":"https:\/\/nomawethu.com\/en\/wp-json\/wp\/v2\/pages"}],"about":[{"href":"https:\/\/nomawethu.com\/en\/wp-json\/wp\/v2\/types\/page"}],"author":[{"embeddable":true,"href":"https:\/\/nomawethu.com\/en\/wp-json\/wp\/v2\/users\/1"}],"replies":[{"embeddable":true,"href":"https:\/\/nomawethu.com\/en\/wp-json\/wp\/v2\/comments?post=7004"}],"version-history":[{"count":7,"href":"https:\/\/nomawethu.com\/en\/wp-json\/wp\/v2\/pages\/7004\/revisions"}],"predecessor-version":[{"id":7173,"href":"https:\/\/nomawethu.com\/en\/wp-json\/wp\/v2\/pages\/7004\/revisions\/7173"}],"wp:attachment":[{"href":"https:\/\/nomawethu.com\/en\/wp-json\/wp\/v2\/media?parent=7004"}],"curies":[{"name":"wp","href":"https:\/\/api.w.org\/{rel}","templated":true}]}}